{"id":4495,"date":"2026-01-09T21:18:36","date_gmt":"2026-01-09T21:18:36","guid":{"rendered":"https:\/\/factory619.com\/?page_id=4495"},"modified":"2026-01-09T21:18:36","modified_gmt":"2026-01-09T21:18:36","slug":"cgu","status":"publish","type":"page","link":"https:\/\/factory619.com\/en\/cgu\/","title":{"rendered":"Conditions g\u00e9n\u00e9rales d&rsquo;utilisation"},"content":{"rendered":"<div class=\"fusion-fullwidth fullwidth-box fusion-builder-row-1 fusion-flex-container nonhundred-percent-fullwidth non-hundred-percent-height-scrolling\" style=\"--awb-border-radius-top-left:0px;--awb-border-radius-top-right:0px;--awb-border-radius-bottom-right:0px;--awb-border-radius-bottom-left:0px;--awb-flex-wrap:wrap;\" ><div class=\"fusion-builder-row fusion-row fusion-flex-align-items-flex-start fusion-flex-content-wrap\" style=\"max-width:1372.8px;margin-left: calc(-4% \/ 2 );margin-right: calc(-4% \/ 2 );\"><div class=\"fusion-layout-column fusion_builder_column fusion-builder-column-0 fusion_builder_column_1_1 1_1 fusion-flex-column\" style=\"--awb-bg-blend:overlay;--awb-bg-size:cover;--awb-width-large:100%;--awb-margin-top-large:0px;--awb-spacing-right-large:1.92%;--awb-margin-bottom-large:0px;--awb-spacing-left-large:1.92%;--awb-width-medium:100%;--awb-spacing-right-medium:1.92%;--awb-spacing-left-medium:1.92%;--awb-width-small:100%;--awb-spacing-right-small:1.92%;--awb-spacing-left-small:1.92%;\"><div class=\"fusion-column-wrapper fusion-flex-justify-content-flex-start fusion-content-layout-column\"><div class=\"fusion-text fusion-text-1\"><h1 data-start=\"166\" data-end=\"208\">CONDITIONS G\u00c9N\u00c9RALES D\u2019UTILISATION (CGU)<\/h1>\n<h2 data-start=\"210\" data-end=\"221\">1. Objet<\/h2>\n<p data-start=\"223\" data-end=\"394\">Les pr\u00e9sentes Conditions G\u00e9n\u00e9rales d\u2019Utilisation ont pour objet de d\u00e9finir les modalit\u00e9s et conditions d\u2019acc\u00e8s et d\u2019utilisation du site internet \u00e9dit\u00e9 par <strong data-start=\"378\" data-end=\"393\">Factory 619<\/strong>.<\/p>\n<p data-start=\"396\" data-end=\"508\">L\u2019acc\u00e8s et l\u2019utilisation du site impliquent l\u2019acceptation pleine et enti\u00e8re des pr\u00e9sentes CGU par l\u2019utilisateur.<\/p>\n<hr data-start=\"510\" data-end=\"513\">\n<h2 data-start=\"515\" data-end=\"541\">2. Pr\u00e9sentation du site<\/h2>\n<p data-start=\"543\" data-end=\"673\">Le site Factory 619 est un <strong data-start=\"570\" data-end=\"586\">site vitrine<\/strong> destin\u00e9 \u00e0 pr\u00e9senter les activit\u00e9s, services et informations de la soci\u00e9t\u00e9 Factory 619.<\/p>\n<p data-start=\"675\" data-end=\"771\">Le site permet notamment aux utilisateurs de contacter Factory 619 via un formulaire de contact.<\/p>\n<hr data-start=\"773\" data-end=\"776\">\n<h2 data-start=\"778\" data-end=\"797\">3. Acc\u00e8s au site<\/h2>\n<p data-start=\"799\" data-end=\"886\">Le site est accessible gratuitement \u00e0 tout utilisateur disposant d\u2019un acc\u00e8s \u00e0 internet.<\/p>\n<p data-start=\"888\" data-end=\"1146\">Factory 619 s\u2019efforce d\u2019assurer un acc\u00e8s continu au site, mais ne saurait garantir une disponibilit\u00e9 permanente. L\u2019acc\u00e8s au site peut \u00eatre suspendu, limit\u00e9 ou interrompu \u00e0 tout moment, notamment pour des raisons de maintenance, de mise \u00e0 jour ou de s\u00e9curit\u00e9.<\/p>\n<hr data-start=\"1148\" data-end=\"1151\">\n<h2 data-start=\"1153\" data-end=\"1178\">4. Utilisation du site<\/h2>\n<p data-start=\"1180\" data-end=\"1368\">L\u2019utilisateur s\u2019engage \u00e0 utiliser le site de mani\u00e8re loyale, conforme aux lois et r\u00e8glements en vigueur, et \u00e0 ne pas porter atteinte aux droits ou \u00e0 la s\u00e9curit\u00e9 de Factory 619 ou de tiers.<\/p>\n<p data-start=\"1370\" data-end=\"1465\">Toute utilisation abusive, frauduleuse ou contraire \u00e0 l\u2019ordre public est strictement interdite.<\/p>\n<hr data-start=\"1467\" data-end=\"1470\">\n<h2 data-start=\"1472\" data-end=\"1499\">5. Formulaire de contact<\/h2>\n<p data-start=\"1501\" data-end=\"1607\">Les utilisateurs peuvent contacter Factory 619 via le formulaire de contact mis \u00e0 disposition sur le site.<\/p>\n<p data-start=\"1609\" data-end=\"1788\">Les informations transmises doivent \u00eatre exactes, compl\u00e8tes et \u00e0 jour.<br data-start=\"1679\" data-end=\"1682\">Factory 619 se r\u00e9serve le droit de ne pas donner suite aux demandes incompl\u00e8tes ou manifestement abusives.<\/p>\n<hr data-start=\"1790\" data-end=\"1793\">\n<h2 data-start=\"1795\" data-end=\"1825\">6. Propri\u00e9t\u00e9 intellectuelle<\/h2>\n<p data-start=\"1827\" data-end=\"2038\">L\u2019ensemble des \u00e9l\u00e9ments composant le site Factory 619, notamment les contenus, textes, images, graphismes, logos, marques et \u00e9l\u00e9ments techniques, est prot\u00e9g\u00e9 par les lois relatives \u00e0 la propri\u00e9t\u00e9 intellectuelle.<\/p>\n<p data-start=\"2040\" data-end=\"2262\">Sauf autorisation \u00e9crite pr\u00e9alable de Factory 619, toute reproduction, repr\u00e9sentation, modification, adaptation ou exploitation, totale ou partielle, du site ou de l\u2019un quelconque de ses \u00e9l\u00e9ments est strictement interdite.<\/p>\n<hr data-start=\"2264\" data-end=\"2267\">\n<h2 data-start=\"2269\" data-end=\"2289\">7. Responsabilit\u00e9<\/h2>\n<p data-start=\"2291\" data-end=\"2338\">Factory 619 ne saurait \u00eatre tenue responsable :<\/p>\n<ul data-start=\"2340\" data-end=\"2662\">\n<li data-start=\"2340\" data-end=\"2443\">\n<p data-start=\"2342\" data-end=\"2443\">Des dommages directs ou indirects r\u00e9sultant de l\u2019utilisation ou de l\u2019impossibilit\u00e9 d\u2019utiliser le site<\/p>\n<\/li>\n<li data-start=\"2444\" data-end=\"2523\">\n<p data-start=\"2446\" data-end=\"2523\">Des interruptions, dysfonctionnements ou indisponibilit\u00e9s temporaires du site<\/p>\n<\/li>\n<li data-start=\"2524\" data-end=\"2662\">\n<p data-start=\"2526\" data-end=\"2662\">Des dommages r\u00e9sultant de l\u2019utilisation du r\u00e9seau internet, notamment en cas de perte de donn\u00e9es, intrusion, virus ou rupture de service<\/p>\n<\/li>\n<\/ul>\n<p data-start=\"2664\" data-end=\"2792\">Les informations diffus\u00e9es sur le site sont fournies \u00e0 titre indicatif et ne sauraient engager la responsabilit\u00e9 de Factory 619.<\/p>\n<hr data-start=\"2794\" data-end=\"2797\">\n<h2 data-start=\"2799\" data-end=\"2822\">8. Liens hypertextes<\/h2>\n<p data-start=\"2824\" data-end=\"3020\">Le site peut contenir des liens hypertextes vers des sites tiers.<br data-start=\"2889\" data-end=\"2892\">Factory 619 n\u2019exerce aucun contr\u00f4le sur ces sites et d\u00e9cline toute responsabilit\u00e9 quant \u00e0 leur contenu ou \u00e0 leur fonctionnement.<\/p>\n<hr data-start=\"3022\" data-end=\"3025\">\n<h2 data-start=\"3027\" data-end=\"3053\">9. Donn\u00e9es personnelles<\/h2>\n<p data-start=\"3055\" data-end=\"3221\">La collecte et le traitement des donn\u00e9es personnelles effectu\u00e9s via le site sont r\u00e9gis par la <strong data-start=\"3149\" data-end=\"3181\">Privacy Policy<\/strong> de Factory 619, accessible sur le site.<\/p>\n<hr data-start=\"3223\" data-end=\"3226\">\n<h2 data-start=\"3228\" data-end=\"3255\">10. Modification des CGU<\/h2>\n<p data-start=\"3257\" data-end=\"3431\">Factory 619 se r\u00e9serve le droit de modifier \u00e0 tout moment les pr\u00e9sentes CGU.<br data-start=\"3333\" data-end=\"3336\">Les CGU applicables sont celles en vigueur \u00e0 la date de consultation du site par l\u2019utilisateur.<\/p>\n<hr data-start=\"3433\" data-end=\"3436\">\n<h2 data-start=\"3438\" data-end=\"3487\">11. Droit applicable et juridiction comp\u00e9tente<\/h2>\n<p data-start=\"3489\" data-end=\"3574\">Les pr\u00e9sentes Conditions G\u00e9n\u00e9rales d\u2019Utilisation sont soumises au <strong data-start=\"3555\" data-end=\"3573\">droit tunisien<\/strong>.<\/p>\n<p data-start=\"3576\" data-end=\"3713\">Tout litige relatif \u00e0 l\u2019interpr\u00e9tation ou \u00e0 l\u2019ex\u00e9cution des pr\u00e9sentes CGU rel\u00e8ve de la comp\u00e9tence exclusive des juridictions tunisiennes.<\/p>\n<\/div><\/div><\/div><\/div><\/div>","protected":false},"excerpt":{"rendered":"","protected":false},"author":2,"featured_media":0,"parent":0,"menu_order":0,"comment_status":"closed","ping_status":"closed","template":"","meta":{"_acf_changed":false,"footnotes":""},"class_list":["post-4495","page","type-page","status-publish","hentry"],"acf":[],"_links":{"self":[{"href":"https:\/\/factory619.com\/en\/wp-json\/wp\/v2\/pages\/4495","targetHints":{"allow":["GET"]}}],"collection":[{"href":"https:\/\/factory619.com\/en\/wp-json\/wp\/v2\/pages"}],"about":[{"href":"https:\/\/factory619.com\/en\/wp-json\/wp\/v2\/types\/page"}],"author":[{"embeddable":true,"href":"https:\/\/factory619.com\/en\/wp-json\/wp\/v2\/users\/2"}],"replies":[{"embeddable":true,"href":"https:\/\/factory619.com\/en\/wp-json\/wp\/v2\/comments?post=4495"}],"version-history":[{"count":2,"href":"https:\/\/factory619.com\/en\/wp-json\/wp\/v2\/pages\/4495\/revisions"}],"predecessor-version":[{"id":4497,"href":"https:\/\/factory619.com\/en\/wp-json\/wp\/v2\/pages\/4495\/revisions\/4497"}],"wp:attachment":[{"href":"https:\/\/factory619.com\/en\/wp-json\/wp\/v2\/media?parent=4495"}],"curies":[{"name":"wp","href":"https:\/\/api.w.org\/{rel}","templated":true}]}}