{"id":4492,"date":"2026-01-09T21:14:54","date_gmt":"2026-01-09T21:14:54","guid":{"rendered":"https:\/\/factory619.com\/?page_id=4492"},"modified":"2026-01-09T21:16:30","modified_gmt":"2026-01-09T21:16:30","slug":"mentions-legales","status":"publish","type":"page","link":"https:\/\/factory619.com\/en\/mentions-legales\/","title":{"rendered":"Legal Mentions"},"content":{"rendered":"<div class=\"fusion-fullwidth fullwidth-box fusion-builder-row-1 fusion-flex-container nonhundred-percent-fullwidth non-hundred-percent-height-scrolling\" style=\"--awb-border-radius-top-left:0px;--awb-border-radius-top-right:0px;--awb-border-radius-bottom-right:0px;--awb-border-radius-bottom-left:0px;--awb-flex-wrap:wrap;\" ><div class=\"fusion-builder-row fusion-row fusion-flex-align-items-flex-start fusion-flex-content-wrap\" style=\"max-width:1372.8px;margin-left: calc(-4% \/ 2 );margin-right: calc(-4% \/ 2 );\"><div class=\"fusion-layout-column fusion_builder_column fusion-builder-column-0 fusion_builder_column_1_1 1_1 fusion-flex-column\" style=\"--awb-bg-blend:overlay;--awb-bg-size:cover;--awb-width-large:100%;--awb-margin-top-large:0px;--awb-spacing-right-large:1.92%;--awb-margin-bottom-large:0px;--awb-spacing-left-large:1.92%;--awb-width-medium:100%;--awb-spacing-right-medium:1.92%;--awb-spacing-left-medium:1.92%;--awb-width-small:100%;--awb-spacing-right-small:1.92%;--awb-spacing-left-small:1.92%;\"><div class=\"fusion-column-wrapper fusion-flex-justify-content-flex-start fusion-content-layout-column\"><div class=\"fusion-text fusion-text-1\"><h1 data-start=\"150\" data-end=\"168\">MENTIONS L\u00c9GALES<\/h1>\n<h2 data-start=\"170\" data-end=\"191\">1. \u00c9diteur du site<\/h2>\n<p data-start=\"193\" data-end=\"224\">Le pr\u00e9sent site est \u00e9dit\u00e9 par :<\/p>\n<p data-start=\"226\" data-end=\"426\"><strong data-start=\"226\" data-end=\"241\">Factory 619<\/strong><br data-start=\"241\" data-end=\"244\">SARL immatricul\u00e9e au RNE sous le num\u00e9ro <strong data-start=\"284\" data-end=\"297\">1636667 E<\/strong><br data-start=\"297\" data-end=\"300\">Si\u00e8ge social : <strong data-start=\"315\" data-end=\"370\">66 Bis, Avenue Salah Ben Youssef, Menzah 9, Tunisie<\/strong><br data-start=\"370\" data-end=\"373\">Repr\u00e9sent\u00e9e par son G\u00e9rant : <strong data-start=\"402\" data-end=\"426\">Monsieur H\u00e9di Michau<\/strong><\/p>\n<p data-start=\"428\" data-end=\"506\">T\u00e9l\u00e9phone : <strong data-start=\"440\" data-end=\"460\">+216 24 49 29 76<\/strong><br data-start=\"460\" data-end=\"463\">Adresse e-mail : <strong data-start=\"480\" data-end=\"506\"><a class=\"decorated-link cursor-pointer\" rel=\"noopener\" data-start=\"482\" data-end=\"504\">contact@factory619.com<\/a><\/strong><\/p>\n<hr data-start=\"508\" data-end=\"511\">\n<h2 data-start=\"513\" data-end=\"546\">2. Directeur de la publication<\/h2>\n<p data-start=\"548\" data-end=\"649\">Le Directeur de la publication est :<br data-start=\"584\" data-end=\"587\"><strong data-start=\"587\" data-end=\"611\">Monsieur H\u00e9di Michau<\/strong>, en qualit\u00e9 de G\u00e9rant de Factory 619.<\/p>\n<hr data-start=\"651\" data-end=\"654\">\n<h2 data-start=\"656\" data-end=\"681\">3. H\u00e9bergement du site<\/h2>\n<p data-start=\"683\" data-end=\"708\">Le site est h\u00e9berg\u00e9 par :<\/p>\n<p data-start=\"710\" data-end=\"837\"><strong data-start=\"710\" data-end=\"739\">Amazon Web Services (AWS)<\/strong><br data-start=\"739\" data-end=\"742\">Soci\u00e9t\u00e9 : Amazon Web Services EMEA SARL<br data-start=\"781\" data-end=\"784\">R\u00e9gion d\u2019h\u00e9bergement : <strong data-start=\"807\" data-end=\"837\">Europe \u2013 Paris (eu-west-3)<\/strong><\/p>\n<hr data-start=\"839\" data-end=\"842\">\n<h2 data-start=\"844\" data-end=\"887\">4. Gestion du nom de domaine et s\u00e9curit\u00e9<\/h2>\n<p data-start=\"889\" data-end=\"1025\">Le nom de domaine, la gestion DNS, ainsi que certains services de s\u00e9curit\u00e9 et d\u2019optimisation des performances du site sont assur\u00e9s par :<\/p>\n<p data-start=\"1027\" data-end=\"1047\"><strong data-start=\"1027\" data-end=\"1047\">Cloudflare, Inc.<\/strong><\/p>\n<hr data-start=\"1049\" data-end=\"1052\">\n<h2 data-start=\"1054\" data-end=\"1084\">5. Propri\u00e9t\u00e9 intellectuelle<\/h2>\n<p data-start=\"1086\" data-end=\"1305\">L\u2019ensemble des \u00e9l\u00e9ments constituant le site Factory 619, notamment les textes, images, graphismes, logos, ic\u00f4nes, sons, logiciels et contenus, est prot\u00e9g\u00e9 par les lois en vigueur relatives \u00e0 la propri\u00e9t\u00e9 intellectuelle.<\/p>\n<p data-start=\"1307\" data-end=\"1659\">Sauf mention contraire, ces \u00e9l\u00e9ments sont la propri\u00e9t\u00e9 exclusive de Factory 619.<br data-start=\"1387\" data-end=\"1390\">Toute reproduction, repr\u00e9sentation, modification, publication, adaptation ou exploitation, totale ou partielle, du site ou de l\u2019un quelconque de ses \u00e9l\u00e9ments, par quelque proc\u00e9d\u00e9 que ce soit, sans autorisation \u00e9crite pr\u00e9alable de Factory 619, est strictement interdite.<\/p>\n<hr data-start=\"1661\" data-end=\"1664\">\n<h2 data-start=\"1666\" data-end=\"1686\">6. Responsabilit\u00e9<\/h2>\n<p data-start=\"1688\" data-end=\"1918\">Factory 619 s\u2019efforce d\u2019assurer l\u2019exactitude et la mise \u00e0 jour des informations diffus\u00e9es sur le site. Toutefois, Factory 619 ne saurait \u00eatre tenue responsable des erreurs, omissions ou d\u2019une indisponibilit\u00e9 temporaire du service.<\/p>\n<p data-start=\"1920\" data-end=\"1996\">L\u2019utilisation du site se fait sous la seule responsabilit\u00e9 de l\u2019utilisateur.<\/p>\n<hr data-start=\"1998\" data-end=\"2001\">\n<h2 data-start=\"2003\" data-end=\"2029\">7. Donn\u00e9es personnelles<\/h2>\n<p data-start=\"2031\" data-end=\"2173\">La collecte et le traitement des donn\u00e9es personnelles effectu\u00e9s via le site sont r\u00e9alis\u00e9s conform\u00e9ment \u00e0 la l\u00e9gislation tunisienne en vigueur.<\/p>\n<p data-start=\"2175\" data-end=\"2308\">Les modalit\u00e9s de traitement des donn\u00e9es personnelles sont d\u00e9taill\u00e9es dans la <strong data-start=\"2252\" data-end=\"2284\">Privacy Policy<\/strong> accessible sur le site.<\/p>\n<hr data-start=\"2310\" data-end=\"2313\">\n<h2 data-start=\"2315\" data-end=\"2337\">8. Droit applicable<\/h2>\n<p data-start=\"2339\" data-end=\"2406\">Les pr\u00e9sentes mentions l\u00e9gales sont soumises au <strong data-start=\"2387\" data-end=\"2405\">droit tunisien<\/strong>.<\/p>\n<\/div><\/div><\/div><\/div><\/div>","protected":false},"excerpt":{"rendered":"","protected":false},"author":2,"featured_media":0,"parent":0,"menu_order":0,"comment_status":"closed","ping_status":"closed","template":"","meta":{"_acf_changed":false,"footnotes":""},"class_list":["post-4492","page","type-page","status-publish","hentry"],"acf":[],"_links":{"self":[{"href":"https:\/\/factory619.com\/en\/wp-json\/wp\/v2\/pages\/4492","targetHints":{"allow":["GET"]}}],"collection":[{"href":"https:\/\/factory619.com\/en\/wp-json\/wp\/v2\/pages"}],"about":[{"href":"https:\/\/factory619.com\/en\/wp-json\/wp\/v2\/types\/page"}],"author":[{"embeddable":true,"href":"https:\/\/factory619.com\/en\/wp-json\/wp\/v2\/users\/2"}],"replies":[{"embeddable":true,"href":"https:\/\/factory619.com\/en\/wp-json\/wp\/v2\/comments?post=4492"}],"version-history":[{"count":2,"href":"https:\/\/factory619.com\/en\/wp-json\/wp\/v2\/pages\/4492\/revisions"}],"predecessor-version":[{"id":4494,"href":"https:\/\/factory619.com\/en\/wp-json\/wp\/v2\/pages\/4492\/revisions\/4494"}],"wp:attachment":[{"href":"https:\/\/factory619.com\/en\/wp-json\/wp\/v2\/media?parent=4492"}],"curies":[{"name":"wp","href":"https:\/\/api.w.org\/{rel}","templated":true}]}}